{"id":607,"date":"2024-10-09T20:43:13","date_gmt":"2024-10-09T20:43:13","guid":{"rendered":"https:\/\/universidadcecadevs.com\/home\/?page_id=607"},"modified":"2026-04-30T19:12:00","modified_gmt":"2026-04-30T19:12:00","slug":"contacto-2","status":"publish","type":"page","link":"https:\/\/universidadcecadevs.com\/home\/index.php\/contacto-2\/","title":{"rendered":"Contacto"},"content":{"rendered":"<p>[et_pb_section fb_built=\u00bb1&#8243; disabled_on=\u00bbon|off|off\u00bb _builder_version=\u00bb4.23.4&#8243; _module_preset=\u00bbdefault\u00bb custom_margin=\u00bb0em|0px|0em|0px|true|false\u00bb custom_padding=\u00bb0em|0px|0em|0px|true|false\u00bb global_colors_info=\u00bb{}\u00bb][et_pb_row column_structure=\u00bb1_3,2_3&#8243; _builder_version=\u00bb4.23.4&#8243; _module_preset=\u00bbdefault\u00bb width=\u00bb100%\u00bb max_width=\u00bb100%\u00bb custom_margin=\u00bb1em|auto||auto|false|false\u00bb custom_padding=\u00bb0px|||||\u00bb global_colors_info=\u00bb{}\u00bb][et_pb_column type=\u00bb1_3&#8243; _builder_version=\u00bb4.23.4&#8243; _module_preset=\u00bbdefault\u00bb global_colors_info=\u00bb{}\u00bb][et_pb_image src=\u00bbhttps:\/\/universidadcecadevs.com\/home\/wp-content\/uploads\/2024\/01\/logoweb_universidad.png\u00bb title_text=\u00bblogoweb_universidad\u00bb _builder_version=\u00bb4.23.4&#8243; _module_preset=\u00bbdefault\u00bb custom_margin=\u00bb|||2em|false|false\u00bb global_colors_info=\u00bb{}\u00bb][\/et_pb_image][\/et_pb_column][et_pb_column type=\u00bb2_3&#8243; _builder_version=\u00bb4.23.4&#8243; _module_preset=\u00bbdefault\u00bb global_colors_info=\u00bb{}\u00bb][et_pb_menu menu_id=\u00bb3&#8243; active_link_color=\u00bb#000000&#8243; _builder_version=\u00bb4.23.4&#8243; _module_preset=\u00bbdefault\u00bb menu_font_size=\u00bb16px\u00bb text_orientation=\u00bbright\u00bb min_height=\u00bb29px\u00bb custom_margin=\u00bb2em|2em|||false|false\u00bb global_colors_info=\u00bb{}\u00bb][\/et_pb_menu][\/et_pb_column][\/et_pb_row][\/et_pb_section][et_pb_section fb_built=\u00bb1&#8243; disabled_on=\u00bboff|on|on\u00bb _builder_version=\u00bb4.23.4&#8243; _module_preset=\u00bbdefault\u00bb custom_margin=\u00bb0em|0px|0em|0px|true|false\u00bb custom_padding=\u00bb0em|0px|0em|0px|true|false\u00bb global_colors_info=\u00bb{}\u00bb][et_pb_row _builder_version=\u00bb4.23.4&#8243; _module_preset=\u00bbdefault\u00bb width=\u00bb100%\u00bb max_width=\u00bb100%\u00bb custom_margin=\u00bb0em|auto|0em|auto|true|false\u00bb custom_padding=\u00bb0px|||||\u00bb global_colors_info=\u00bb{}\u00bb][et_pb_column type=\u00bb4_4&#8243; _builder_version=\u00bb4.23.4&#8243; _module_preset=\u00bbdefault\u00bb global_colors_info=\u00bb{}\u00bb][et_pb_image src=\u00bbhttps:\/\/universidadcecadevs.com\/home\/wp-content\/uploads\/2024\/01\/logoweb_universidad.png\u00bb title_text=\u00bblogoweb_universidad\u00bb _builder_version=\u00bb4.23.4&#8243; _module_preset=\u00bbdefault\u00bb custom_margin=\u00bb-2px||1px|2em|false|false\u00bb global_colors_info=\u00bb{}\u00bb][\/et_pb_image][et_pb_menu menu_id=\u00bb10&#8243; menu_style=\u00bbcentered\u00bb active_link_color=\u00bb#000000&#8243; _builder_version=\u00bb4.23.4&#8243; _module_preset=\u00bbdefault\u00bb menu_font_size=\u00bb16px\u00bb min_height=\u00bb29px\u00bb custom_margin=\u00bb0em|2em|||false|false\u00bb global_colors_info=\u00bb{}\u00bb][\/et_pb_menu][\/et_pb_column][\/et_pb_row][\/et_pb_section][et_pb_section fb_built=\u00bb1&#8243; next_background_color=\u00bb#bd9961&#8243; admin_label=\u00bbHero\u00bb _builder_version=\u00bb4.23.4&#8243; use_background_color_gradient=\u00bbon\u00bb background_color_gradient_direction=\u00bb263deg\u00bb background_color_gradient_stops=\u00bbrgba(30,90,74,0.8) 0%|rgba(30,90,74,0.8) 100%\u00bb background_color_gradient_overlays_image=\u00bbon\u00bb background_color_gradient_start=\u00bb#283d4b\u00bb background_color_gradient_end=\u00bbrgba(128,103,79,0.5)\u00bb background_image=\u00bbhttps:\/\/universidadcecadevs.com\/home\/wp-content\/uploads\/2024\/02\/comunicacion-linea-scaled.jpg\u00bb min_height=\u00bb1018.1px\u00bb custom_margin=\u00bb||0.1%|||\u00bb custom_padding=\u00bb6vw||0px|||\u00bb bottom_divider_style=\u00bbmountains\u00bb bottom_divider_height=\u00bb20vw\u00bb bottom_divider_repeat=\u00bb0.5x\u00bb bottom_divider_flip=\u00bbhorizontal|vertical\u00bb global_colors_info=\u00bb{}\u00bb][et_pb_row _builder_version=\u00bb4.16&#8243; custom_margin=\u00bb|||\u00bb custom_padding=\u00bb27px|0px|0|0px|false|false\u00bb global_colors_info=\u00bb{}\u00bb][et_pb_column type=\u00bb4_4&#8243; _builder_version=\u00bb4.16&#8243; custom_padding=\u00bb|||\u00bb global_colors_info=\u00bb{}\u00bb custom_padding__hover=\u00bb|||\u00bb][et_pb_text _builder_version=\u00bb4.23.4&#8243; text_font=\u00bb||||||||\u00bb header_font=\u00bbJosefin Sans|700|||||||\u00bb header_font_size=\u00bb90px\u00bb header_line_height=\u00bb1.4em\u00bb header_2_font=\u00bbJosefin Sans||||||||\u00bb header_2_text_color=\u00bbrgba(255,255,255,0.6)\u00bb header_2_font_size=\u00bb32px\u00bb header_2_line_height=\u00bb1.4em\u00bb background_layout=\u00bbdark\u00bb animation_style=\u00bbslide\u00bb animation_direction=\u00bbright\u00bb animation_intensity_slide=\u00bb4%\u00bb header_font_size_tablet=\u00bb50px\u00bb header_font_size_phone=\u00bb32px\u00bb header_font_size_last_edited=\u00bbon|desktop\u00bb header_2_font_size_tablet=\u00bb\u00bb header_2_font_size_phone=\u00bb24px\u00bb header_2_font_size_last_edited=\u00bbon|phone\u00bb global_colors_info=\u00bb{}\u00bb]<\/p>\n<h1>Solicita informaci\u00f3n<\/h1>\n<h4>Un ejecutivo se pondr\u00e1 en contacto con usted despu\u00e9s de llenar los siguientes campos<\/h4>\n<p>[\/et_pb_text][\/et_pb_column][\/et_pb_row][et_pb_row column_structure=\u00bb3_4,1_4&#8243; _builder_version=\u00bb4.16&#8243; custom_margin=\u00bb50px|||\u00bb locked=\u00bboff\u00bb global_colors_info=\u00bb{}\u00bb][et_pb_column type=\u00bb3_4&#8243; _builder_version=\u00bb4.16&#8243; custom_padding=\u00bb|||\u00bb global_colors_info=\u00bb{}\u00bb custom_padding__hover=\u00bb|||\u00bb][et_pb_contact_form captcha=\u00bboff\u00bb email=\u00bbdirecciongeneral@cecadevs.com\u00bb success_message=\u00bbSus datos se han registrado con \u00e9xito.\u00bb submit_button_text=\u00bbEnviar\u00bb module_id=\u00bbet_pb_contact_form_0&#8243; _builder_version=\u00bb4.23.4&#8243; form_field_text_color=\u00bb#93999b\u00bb form_field_font=\u00bbOpen Sans||||||||\u00bb form_field_font_size=\u00bb15px\u00bb custom_button=\u00bbon\u00bb button_text_size=\u00bb22px\u00bb button_text_color=\u00bb#000000&#8243; button_bg_color=\u00bb#ae8c59&#8243; button_border_width=\u00bb8px\u00bb button_border_color=\u00bbRGBA(255,255,255,0)\u00bb button_border_radius=\u00bb0px\u00bb button_letter_spacing=\u00bb0px\u00bb button_font=\u00bbJosefin Sans|700|||||||\u00bb button_text_size_phone=\u00bb20px\u00bb button_text_size_last_edited=\u00bboff|desktop\u00bb global_colors_info=\u00bb{}\u00bb][et_pb_contact_field field_id=\u00bbName\u00bb field_title=\u00bbNombre\u00bb _builder_version=\u00bb4.23.4&#8243; global_colors_info=\u00bb{}\u00bb button_text_size__hover_enabled=\u00bboff\u00bb button_one_text_size__hover_enabled=\u00bboff\u00bb button_two_text_size__hover_enabled=\u00bboff\u00bb button_text_color__hover_enabled=\u00bboff\u00bb button_one_text_color__hover_enabled=\u00bboff\u00bb button_two_text_color__hover_enabled=\u00bboff\u00bb button_border_width__hover_enabled=\u00bboff\u00bb button_one_border_width__hover_enabled=\u00bboff\u00bb button_two_border_width__hover_enabled=\u00bboff\u00bb button_border_color__hover_enabled=\u00bboff\u00bb button_one_border_color__hover_enabled=\u00bboff\u00bb button_two_border_color__hover_enabled=\u00bboff\u00bb button_border_radius__hover_enabled=\u00bboff\u00bb button_one_border_radius__hover_enabled=\u00bboff\u00bb button_two_border_radius__hover_enabled=\u00bboff\u00bb button_letter_spacing__hover_enabled=\u00bboff\u00bb button_one_letter_spacing__hover_enabled=\u00bboff\u00bb button_two_letter_spacing__hover_enabled=\u00bboff\u00bb button_bg_color__hover_enabled=\u00bboff\u00bb button_one_bg_color__hover_enabled=\u00bboff\u00bb button_two_bg_color__hover_enabled=\u00bboff\u00bb][\/et_pb_contact_field][et_pb_contact_field field_id=\u00bbEmail\u00bb field_title=\u00bbEmail Address\u00bb field_type=\u00bbemail\u00bb _builder_version=\u00bb4.23.4&#8243; global_colors_info=\u00bb{}\u00bb button_text_size__hover_enabled=\u00bboff\u00bb button_one_text_size__hover_enabled=\u00bboff\u00bb button_two_text_size__hover_enabled=\u00bboff\u00bb button_text_color__hover_enabled=\u00bboff\u00bb button_one_text_color__hover_enabled=\u00bboff\u00bb button_two_text_color__hover_enabled=\u00bboff\u00bb button_border_width__hover_enabled=\u00bboff\u00bb button_one_border_width__hover_enabled=\u00bboff\u00bb button_two_border_width__hover_enabled=\u00bboff\u00bb button_border_color__hover_enabled=\u00bboff\u00bb button_one_border_color__hover_enabled=\u00bboff\u00bb button_two_border_color__hover_enabled=\u00bboff\u00bb button_border_radius__hover_enabled=\u00bboff\u00bb button_one_border_radius__hover_enabled=\u00bboff\u00bb button_two_border_radius__hover_enabled=\u00bboff\u00bb button_letter_spacing__hover_enabled=\u00bboff\u00bb button_one_letter_spacing__hover_enabled=\u00bboff\u00bb button_two_letter_spacing__hover_enabled=\u00bboff\u00bb button_bg_color__hover_enabled=\u00bboff\u00bb button_one_bg_color__hover_enabled=\u00bboff\u00bb button_two_bg_color__hover_enabled=\u00bboff\u00bb][\/et_pb_contact_field][et_pb_contact_field field_id=\u00bbPhone\u00bb field_title=\u00bbCelular\u00bb allowed_symbols=\u00bbnumbers\u00bb _builder_version=\u00bb4.23.4&#8243; global_colors_info=\u00bb{}\u00bb button_text_size__hover_enabled=\u00bboff\u00bb button_one_text_size__hover_enabled=\u00bboff\u00bb button_two_text_size__hover_enabled=\u00bboff\u00bb button_text_color__hover_enabled=\u00bboff\u00bb button_one_text_color__hover_enabled=\u00bboff\u00bb button_two_text_color__hover_enabled=\u00bboff\u00bb button_border_width__hover_enabled=\u00bboff\u00bb button_one_border_width__hover_enabled=\u00bboff\u00bb button_two_border_width__hover_enabled=\u00bboff\u00bb button_border_color__hover_enabled=\u00bboff\u00bb button_one_border_color__hover_enabled=\u00bboff\u00bb button_two_border_color__hover_enabled=\u00bboff\u00bb button_border_radius__hover_enabled=\u00bboff\u00bb button_one_border_radius__hover_enabled=\u00bboff\u00bb button_two_border_radius__hover_enabled=\u00bboff\u00bb button_letter_spacing__hover_enabled=\u00bboff\u00bb button_one_letter_spacing__hover_enabled=\u00bboff\u00bb button_two_letter_spacing__hover_enabled=\u00bboff\u00bb button_bg_color__hover_enabled=\u00bboff\u00bb button_one_bg_color__hover_enabled=\u00bboff\u00bb button_two_bg_color__hover_enabled=\u00bboff\u00bb][\/et_pb_contact_field][et_pb_contact_field field_id=\u00bbMessage\u00bb field_title=\u00bbMensaje \u00bb field_type=\u00bbtext\u00bb fullwidth_field=\u00bbon\u00bb _builder_version=\u00bb4.23.4&#8243; global_colors_info=\u00bb{}\u00bb button_text_size__hover_enabled=\u00bboff\u00bb button_one_text_size__hover_enabled=\u00bboff\u00bb button_two_text_size__hover_enabled=\u00bboff\u00bb button_text_color__hover_enabled=\u00bboff\u00bb button_one_text_color__hover_enabled=\u00bboff\u00bb button_two_text_color__hover_enabled=\u00bboff\u00bb button_border_width__hover_enabled=\u00bboff\u00bb button_one_border_width__hover_enabled=\u00bboff\u00bb button_two_border_width__hover_enabled=\u00bboff\u00bb button_border_color__hover_enabled=\u00bboff\u00bb button_one_border_color__hover_enabled=\u00bboff\u00bb button_two_border_color__hover_enabled=\u00bboff\u00bb button_border_radius__hover_enabled=\u00bboff\u00bb button_one_border_radius__hover_enabled=\u00bboff\u00bb button_two_border_radius__hover_enabled=\u00bboff\u00bb button_letter_spacing__hover_enabled=\u00bboff\u00bb button_one_letter_spacing__hover_enabled=\u00bboff\u00bb button_two_letter_spacing__hover_enabled=\u00bboff\u00bb button_bg_color__hover_enabled=\u00bboff\u00bb button_one_bg_color__hover_enabled=\u00bboff\u00bb button_two_bg_color__hover_enabled=\u00bboff\u00bb][\/et_pb_contact_field][\/et_pb_contact_form][\/et_pb_column][et_pb_column type=\u00bb1_4&#8243; _builder_version=\u00bb4.16&#8243; custom_padding=\u00bb|||\u00bb global_colors_info=\u00bb{}\u00bb custom_padding__hover=\u00bb|||\u00bb][et_pb_text _builder_version=\u00bb4.23.4&#8243; text_font=\u00bbOpen Sans||||||||\u00bb text_font_size=\u00bb18px\u00bb text_line_height=\u00bb1.8em\u00bb link_font=\u00bb||||on||||\u00bb link_text_color=\u00bb#bdad9b\u00bb header_font=\u00bb||||||||\u00bb header_3_font=\u00bbJosefin Sans|600|||||||\u00bb header_3_font_size=\u00bb24px\u00bb header_4_font=\u00bb||||||||\u00bb header_5_font=\u00bb||||||||\u00bb header_6_font=\u00bb||||||||\u00bb background_layout=\u00bbdark\u00bb custom_margin=\u00bb||40px|\u00bb locked=\u00bboff\u00bb global_colors_info=\u00bb{}\u00bb]<\/p>\n<h3>Oficinas<\/h3>\n<p><span>3ra Av. Norte Oriente 316, Centro, Tuxtla Guti\u00e9rrez, Chiapas.<\/span><\/p>\n<p>[\/et_pb_text][et_pb_text admin_label=\u00bbText\u00bb _builder_version=\u00bb4.23.4&#8243; text_font=\u00bbOpen Sans||||||||\u00bb text_text_color=\u00bb#FFFFFF\u00bb text_font_size=\u00bb18px\u00bb text_line_height=\u00bb1.8em\u00bb link_font=\u00bb||||on||||\u00bb link_text_color=\u00bb#bdad9b\u00bb header_font=\u00bbJosefin Sans|600|||||||\u00bb header_text_color=\u00bb#FFFFFF\u00bb header_font_size=\u00bb24px\u00bb header_2_font=\u00bbJosefin Sans|600|||||||\u00bb header_2_text_color=\u00bb#f47a55&#8243; header_2_font_size=\u00bb24px\u00bb header_3_font=\u00bbJosefin Sans|600|||||||\u00bb header_3_font_size=\u00bb24px\u00bb header_4_font=\u00bbJosefin Sans|600|||||||\u00bb header_4_text_color=\u00bb#f47a55&#8243; header_4_font_size=\u00bb24px\u00bb header_5_font=\u00bbJosefin Sans|600|||||||\u00bb header_5_text_color=\u00bb#f47a55&#8243; header_5_font_size=\u00bb24px\u00bb header_6_font=\u00bbJosefin Sans|600|||||||\u00bb header_6_text_color=\u00bb#f47a55&#8243; header_6_font_size=\u00bb24px\u00bb background_layout=\u00bbdark\u00bb custom_margin=\u00bb||40px|\u00bb locked=\u00bboff\u00bb global_colors_info=\u00bb{}\u00bb]<\/p>\n<h4 style=\"color: #ffffff !important;\">Horario de Atenci\u00f3n<\/h4>\n<p><span>Lunes &#8211; Viernes: 09:00 &#8211; 17:00<\/span><\/p>\n<p><span>S\u00e1bados: 09:00 &#8211; 16:00<\/span>[\/et_pb_text][et_pb_text admin_label=\u00bbText\u00bb _builder_version=\u00bb4.23.4&#8243; text_font=\u00bbOpen Sans||||||||\u00bb text_font_size=\u00bb18px\u00bb text_line_height=\u00bb1.8em\u00bb link_font=\u00bb||||on||||\u00bb link_text_color=\u00bb#bdad9b\u00bb header_font=\u00bbJosefin Sans|600|||||||\u00bb header_text_color=\u00bb#f47a55&#8243; header_font_size=\u00bb24px\u00bb header_2_font=\u00bbJosefin Sans|600|||||||\u00bb header_2_text_color=\u00bb#f47a55&#8243; header_2_font_size=\u00bb24px\u00bb header_3_font=\u00bbJosefin Sans|600|||||||\u00bb header_3_font_size=\u00bb24px\u00bb header_4_font=\u00bbJosefin Sans|600|||||||\u00bb header_4_text_color=\u00bb#f47a55&#8243; header_4_font_size=\u00bb24px\u00bb header_5_font=\u00bbJosefin Sans|600|||||||\u00bb header_5_text_color=\u00bb#f47a55&#8243; header_5_font_size=\u00bb24px\u00bb header_6_font=\u00bbJosefin Sans|600|||||||\u00bb header_6_text_color=\u00bb#f47a55&#8243; header_6_font_size=\u00bb24px\u00bb background_layout=\u00bbdark\u00bb custom_margin=\u00bb||40px|\u00bb locked=\u00bboff\u00bb global_colors_info=\u00bb{}\u00bb]<\/p>\n<h3>Tel\u00e9fono<\/h3>\n<p><span>961 102 8385<\/span><\/p>\n<p>[\/et_pb_text][\/et_pb_column][\/et_pb_row][\/et_pb_section][et_pb_section fb_built=\u00bb1&#8243; admin_label=\u00bbFooter\u00bb _builder_version=\u00bb4.23.4&#8243; background_color=\u00bb#bd9961&#8243; min_height=\u00bb255.4px\u00bb custom_margin=\u00bb-8px||-100px|||\u00bb global_colors_info=\u00bb{}\u00bb][et_pb_row column_structure=\u00bb1_3,1_3,1_3&#8243; _builder_version=\u00bb4.23.4&#8243; global_colors_info=\u00bb{}\u00bb][et_pb_column type=\u00bb1_3&#8243; _builder_version=\u00bb4.16&#8243; global_colors_info=\u00bb{}\u00bb][et_pb_text _builder_version=\u00bb4.23.4&#8243; text_text_color=\u00bb#FFFFFF\u00bb text_line_height=\u00bb2em\u00bb link_font=\u00bb||||on||||\u00bb link_text_color=\u00bb#3f3fff\u00bb header_font=\u00bb||||||||\u00bb header_text_color=\u00bb#FFFFFF\u00bb header_4_font=\u00bbMerriweather||||||||\u00bb header_4_font_size=\u00bb16px\u00bb header_4_line_height=\u00bb1.4em\u00bb max_width=\u00bb800px\u00bb header_4_font_size_tablet=\u00bb16px\u00bb header_4_font_size_phone=\u00bb14px\u00bb header_4_font_size_last_edited=\u00bbon|desktop\u00bb locked=\u00bboff\u00bb global_colors_info=\u00bb{}\u00bb]<\/p>\n<h4>Universidad CECADEVS<\/h4>\n<p><span>961 102 8385<\/span><\/p>\n<p><span>3a Av. norte oriente #316, Tuxtla Guti\u00e9rrez, Mexico<\/span><\/p>\n<p>[\/et_pb_text][\/et_pb_column][et_pb_column type=\u00bb1_3&#8243; _builder_version=\u00bb4.16&#8243; global_colors_info=\u00bb{}\u00bb][\/et_pb_column][et_pb_column type=\u00bb1_3&#8243; _builder_version=\u00bb4.16&#8243; global_colors_info=\u00bb{}\u00bb][et_pb_text _builder_version=\u00bb4.23.4&#8243; text_line_height=\u00bb2em\u00bb link_font=\u00bb||||on||||\u00bb link_text_color=\u00bb#3f3fff\u00bb header_font=\u00bb||||||||\u00bb header_4_font=\u00bbMerriweather||||||||\u00bb header_4_font_size=\u00bb16px\u00bb header_4_line_height=\u00bb1.4em\u00bb max_width=\u00bb800px\u00bb custom_margin=\u00bb||0px||false|false\u00bb header_4_font_size_tablet=\u00bb16px\u00bb header_4_font_size_phone=\u00bb14px\u00bb header_4_font_size_last_edited=\u00bbon|desktop\u00bb locked=\u00bboff\u00bb global_colors_info=\u00bb{}\u00bb]<\/p>\n<h4>Redes sociales<\/h4>\n<p>[\/et_pb_text][et_pb_social_media_follow follow_button=\u00bbon\u00bb _builder_version=\u00bb4.23.4&#8243; text_orientation=\u00bbleft\u00bb filter_invert=\u00bb100%\u00bb border_radii=\u00bbon|100px|100px|100px|100px\u00bb locked=\u00bboff\u00bb global_colors_info=\u00bb{}\u00bb][et_pb_social_media_follow_network social_network=\u00bbfacebook\u00bb url=\u00bbhttps:\/\/www.facebook.com\/cecadevs\u00bb _builder_version=\u00bb4.23.4&#8243; background_color=\u00bb#3b5998&#8243; background_enable_color=\u00bbon\u00bb custom_margin=\u00bb||||false|false\u00bb custom_padding=\u00bb6px|6px|6px|6px|true|true\u00bb global_colors_info=\u00bb{}\u00bb follow_button=\u00bbon\u00bb url_new_window=\u00bbon\u00bb]facebook[\/et_pb_social_media_follow_network][et_pb_social_media_follow_network social_network=\u00bbinstagram\u00bb url=\u00bbhttps:\/\/www.instagram.com\/cecadevs\/\u00bb _builder_version=\u00bb4.23.4&#8243; background_color=\u00bb#000000&#8243; background_enable_color=\u00bbon\u00bb custom_margin=\u00bb||||false|false\u00bb custom_padding=\u00bb6px|6px|6px|6px|true|true\u00bb global_colors_info=\u00bb{}\u00bb follow_button=\u00bbon\u00bb url_new_window=\u00bbon\u00bb]instagram[\/et_pb_social_media_follow_network][\/et_pb_social_media_follow][\/et_pb_column][\/et_pb_row][\/et_pb_section]<\/p>\n","protected":false},"excerpt":{"rendered":"<p>Solicita informaci\u00f3n Un ejecutivo se pondr\u00e1 en contacto con usted despu\u00e9s de llenar los siguientes camposOficinas 3ra Av. Norte Oriente 316, Centro, Tuxtla Guti\u00e9rrez, Chiapas.Horario de Atenci\u00f3n Lunes &#8211; Viernes: 09:00 &#8211; 17:00 S\u00e1bados: 09:00 &#8211; 16:00Tel\u00e9fono 961 102 8385Universidad CECADEVS 961 102 8385 3a Av. norte oriente #316, Tuxtla Guti\u00e9rrez, MexicoRedes sociales<\/p>\n","protected":false},"author":1,"featured_media":0,"parent":0,"menu_order":0,"comment_status":"closed","ping_status":"closed","template":"page-template-blank.php","meta":{"_et_pb_use_builder":"on","_et_pb_old_content":"","_et_gb_content_width":"","footnotes":""},"class_list":["post-607","page","type-page","status-publish","hentry"],"yoast_head":"<!-- This site is optimized with the Yoast SEO plugin v25.7 - https:\/\/yoast.com\/wordpress\/plugins\/seo\/ -->\n<title>Contacto - universidad CECADEV<\/title>\n<meta name=\"robots\" content=\"index, follow, max-snippet:-1, max-image-preview:large, max-video-preview:-1\" \/>\n<link rel=\"canonical\" href=\"https:\/\/universidadcecadevs.com\/home\/index.php\/contacto-2\/\" \/>\n<meta property=\"og:locale\" content=\"es_ES\" \/>\n<meta property=\"og:type\" content=\"article\" \/>\n<meta property=\"og:title\" content=\"Contacto - universidad CECADEV\" \/>\n<meta property=\"og:description\" content=\"Solicita informaci\u00f3n Un ejecutivo se pondr\u00e1 en contacto con usted despu\u00e9s de llenar los siguientes camposOficinas 3ra Av. Norte Oriente 316, Centro, Tuxtla Guti\u00e9rrez, Chiapas.Horario de Atenci\u00f3n Lunes - Viernes: 09:00 - 17:00 S\u00e1bados: 09:00 - 16:00Tel\u00e9fono 961 102 8385Universidad CECADEVS 961 102 8385 3a Av. norte oriente #316, Tuxtla Guti\u00e9rrez, MexicoRedes sociales\" \/>\n<meta property=\"og:url\" content=\"https:\/\/universidadcecadevs.com\/home\/index.php\/contacto-2\/\" \/>\n<meta property=\"og:site_name\" content=\"universidad CECADEV\" \/>\n<meta property=\"article:modified_time\" content=\"2026-04-30T19:12:00+00:00\" \/>\n<meta name=\"twitter:card\" content=\"summary_large_image\" \/>\n<script type=\"application\/ld+json\" class=\"yoast-schema-graph\">{\"@context\":\"https:\/\/schema.org\",\"@graph\":[{\"@type\":\"WebPage\",\"@id\":\"https:\/\/universidadcecadevs.com\/home\/index.php\/contacto-2\/\",\"url\":\"https:\/\/universidadcecadevs.com\/home\/index.php\/contacto-2\/\",\"name\":\"Contacto - universidad CECADEV\",\"isPartOf\":{\"@id\":\"https:\/\/universidadcecadevs.com\/home\/#website\"},\"datePublished\":\"2024-10-09T20:43:13+00:00\",\"dateModified\":\"2026-04-30T19:12:00+00:00\",\"breadcrumb\":{\"@id\":\"https:\/\/universidadcecadevs.com\/home\/index.php\/contacto-2\/#breadcrumb\"},\"inLanguage\":\"es\",\"potentialAction\":[{\"@type\":\"ReadAction\",\"target\":[\"https:\/\/universidadcecadevs.com\/home\/index.php\/contacto-2\/\"]}]},{\"@type\":\"BreadcrumbList\",\"@id\":\"https:\/\/universidadcecadevs.com\/home\/index.php\/contacto-2\/#breadcrumb\",\"itemListElement\":[{\"@type\":\"ListItem\",\"position\":1,\"name\":\"Portada\",\"item\":\"https:\/\/universidadcecadevs.com\/home\/\"},{\"@type\":\"ListItem\",\"position\":2,\"name\":\"Contacto\"}]},{\"@type\":\"WebSite\",\"@id\":\"https:\/\/universidadcecadevs.com\/home\/#website\",\"url\":\"https:\/\/universidadcecadevs.com\/home\/\",\"name\":\"universidad CECADEV\",\"description\":\"\",\"potentialAction\":[{\"@type\":\"SearchAction\",\"target\":{\"@type\":\"EntryPoint\",\"urlTemplate\":\"https:\/\/universidadcecadevs.com\/home\/?s={search_term_string}\"},\"query-input\":{\"@type\":\"PropertyValueSpecification\",\"valueRequired\":true,\"valueName\":\"search_term_string\"}}],\"inLanguage\":\"es\"}]}<\/script>\n<!-- \/ Yoast SEO plugin. -->","yoast_head_json":{"title":"Contacto - universidad CECADEV","robots":{"index":"index","follow":"follow","max-snippet":"max-snippet:-1","max-image-preview":"max-image-preview:large","max-video-preview":"max-video-preview:-1"},"canonical":"https:\/\/universidadcecadevs.com\/home\/index.php\/contacto-2\/","og_locale":"es_ES","og_type":"article","og_title":"Contacto - universidad CECADEV","og_description":"Solicita informaci\u00f3n Un ejecutivo se pondr\u00e1 en contacto con usted despu\u00e9s de llenar los siguientes camposOficinas 3ra Av. Norte Oriente 316, Centro, Tuxtla Guti\u00e9rrez, Chiapas.Horario de Atenci\u00f3n Lunes - Viernes: 09:00 - 17:00 S\u00e1bados: 09:00 - 16:00Tel\u00e9fono 961 102 8385Universidad CECADEVS 961 102 8385 3a Av. norte oriente #316, Tuxtla Guti\u00e9rrez, MexicoRedes sociales","og_url":"https:\/\/universidadcecadevs.com\/home\/index.php\/contacto-2\/","og_site_name":"universidad CECADEV","article_modified_time":"2026-04-30T19:12:00+00:00","twitter_card":"summary_large_image","schema":{"@context":"https:\/\/schema.org","@graph":[{"@type":"WebPage","@id":"https:\/\/universidadcecadevs.com\/home\/index.php\/contacto-2\/","url":"https:\/\/universidadcecadevs.com\/home\/index.php\/contacto-2\/","name":"Contacto - universidad CECADEV","isPartOf":{"@id":"https:\/\/universidadcecadevs.com\/home\/#website"},"datePublished":"2024-10-09T20:43:13+00:00","dateModified":"2026-04-30T19:12:00+00:00","breadcrumb":{"@id":"https:\/\/universidadcecadevs.com\/home\/index.php\/contacto-2\/#breadcrumb"},"inLanguage":"es","potentialAction":[{"@type":"ReadAction","target":["https:\/\/universidadcecadevs.com\/home\/index.php\/contacto-2\/"]}]},{"@type":"BreadcrumbList","@id":"https:\/\/universidadcecadevs.com\/home\/index.php\/contacto-2\/#breadcrumb","itemListElement":[{"@type":"ListItem","position":1,"name":"Portada","item":"https:\/\/universidadcecadevs.com\/home\/"},{"@type":"ListItem","position":2,"name":"Contacto"}]},{"@type":"WebSite","@id":"https:\/\/universidadcecadevs.com\/home\/#website","url":"https:\/\/universidadcecadevs.com\/home\/","name":"universidad CECADEV","description":"","potentialAction":[{"@type":"SearchAction","target":{"@type":"EntryPoint","urlTemplate":"https:\/\/universidadcecadevs.com\/home\/?s={search_term_string}"},"query-input":{"@type":"PropertyValueSpecification","valueRequired":true,"valueName":"search_term_string"}}],"inLanguage":"es"}]}},"_links":{"self":[{"href":"https:\/\/universidadcecadevs.com\/home\/index.php\/wp-json\/wp\/v2\/pages\/607","targetHints":{"allow":["GET"]}}],"collection":[{"href":"https:\/\/universidadcecadevs.com\/home\/index.php\/wp-json\/wp\/v2\/pages"}],"about":[{"href":"https:\/\/universidadcecadevs.com\/home\/index.php\/wp-json\/wp\/v2\/types\/page"}],"author":[{"embeddable":true,"href":"https:\/\/universidadcecadevs.com\/home\/index.php\/wp-json\/wp\/v2\/users\/1"}],"replies":[{"embeddable":true,"href":"https:\/\/universidadcecadevs.com\/home\/index.php\/wp-json\/wp\/v2\/comments?post=607"}],"version-history":[{"count":6,"href":"https:\/\/universidadcecadevs.com\/home\/index.php\/wp-json\/wp\/v2\/pages\/607\/revisions"}],"predecessor-version":[{"id":1586,"href":"https:\/\/universidadcecadevs.com\/home\/index.php\/wp-json\/wp\/v2\/pages\/607\/revisions\/1586"}],"wp:attachment":[{"href":"https:\/\/universidadcecadevs.com\/home\/index.php\/wp-json\/wp\/v2\/media?parent=607"}],"curies":[{"name":"wp","href":"https:\/\/api.w.org\/{rel}","templated":true}]}}