{"id":146,"date":"2024-01-25T08:33:04","date_gmt":"2024-01-25T08:33:04","guid":{"rendered":"https:\/\/universidadcecadevs.com\/home\/?page_id=146"},"modified":"2026-04-30T04:00:08","modified_gmt":"2026-04-30T04:00:08","slug":"licenciaturas","status":"publish","type":"page","link":"https:\/\/universidadcecadevs.com\/home\/index.php\/licenciaturas\/","title":{"rendered":"Licenciaturas"},"content":{"rendered":"<p>[et_pb_section fb_built=\u00bb1&#8243; admin_label=\u00bbHero\u00bb _builder_version=\u00bb4.23.4&#8243; use_background_color_gradient=\u00bbon\u00bb background_color_gradient_stops=\u00bbrgba(0,0,0,0.6) 0%|rgba(0,0,0,0.6) 100%\u00bb background_color_gradient_overlays_image=\u00bbon\u00bb background_color_gradient_start=\u00bbrgba(0,0,0,0.6)\u00bb background_color_gradient_end=\u00bbrgba(0,0,0,0.6)\u00bb background_image=\u00bbhttps:\/\/universidadcecadevs.com\/home\/wp-content\/uploads\/2024\/11\/IMG_8670.jpg\u00bb custom_padding=\u00bb110px|0px|110px|0px|false|false\u00bb animation_style=\u00bbzoom\u00bb animation_intensity_zoom=\u00bb4%\u00bb global_colors_info=\u00bb{}\u00bb][et_pb_row disabled_on=\u00bbon|off|off\u00bb _builder_version=\u00bb4.23.4&#8243; background_size=\u00bbinitial\u00bb background_position=\u00bbtop_left\u00bb background_repeat=\u00bbrepeat\u00bb custom_padding=\u00bb|||\u00bb animation_style=\u00bbslide\u00bb animation_direction=\u00bbtop\u00bb animation_intensity_slide=\u00bb3%\u00bb global_colors_info=\u00bb{}\u00bb][et_pb_column type=\u00bb4_4&#8243; _builder_version=\u00bb4.16&#8243; custom_padding=\u00bb|||\u00bb global_colors_info=\u00bb{}\u00bb custom_padding__hover=\u00bb|||\u00bb][et_pb_text _builder_version=\u00bb4.23.4&#8243; text_font=\u00bb||||||||\u00bb header_font=\u00bb|700|||||||\u00bb header_text_color=\u00bb#ffffff\u00bb header_font_size=\u00bb78px\u00bb header_line_height=\u00bb1.3em\u00bb header_2_font=\u00bb||||||||\u00bb background_size=\u00bbinitial\u00bb background_position=\u00bbtop_left\u00bb background_repeat=\u00bbrepeat\u00bb custom_margin=\u00bb|||\u00bb animation_style=\u00bbfade\u00bb header_font_size_last_edited=\u00bboff|desktop\u00bb header_text_shadow_style=\u00bbpreset2&#8243; locked=\u00bboff\u00bb global_colors_info=\u00bb{}\u00bb]<\/p>\n<h1><strong>Licenciaturas<\/strong><\/h1>\n<p>[\/et_pb_text][et_pb_text _builder_version=\u00bb4.23.4&#8243; text_font=\u00bb|600|||||||\u00bb text_text_color=\u00bb#ffffff\u00bb text_font_size=\u00bb24px\u00bb text_line_height=\u00bb1.8em\u00bb background_size=\u00bbinitial\u00bb background_position=\u00bbtop_left\u00bb background_repeat=\u00bbrepeat\u00bb max_width=\u00bb700px\u00bb module_alignment=\u00bbleft\u00bb animation_style=\u00bbflip\u00bb animation_direction=\u00bbtop\u00bb animation_intensity_flip=\u00bb20%\u00bb text_text_shadow_style=\u00bbpreset2&#8243; locked=\u00bboff\u00bb global_colors_info=\u00bb{}\u00bb]<\/p>\n<p><span>Termina tu licenciatura en 3 a\u00f1os<\/span><\/p>\n<p><span> \u00a1Contamos con RVOE federales!<\/span><\/p>\n<p>[\/et_pb_text][\/et_pb_column][\/et_pb_row][et_pb_row disabled_on=\u00bboff|on|on\u00bb _builder_version=\u00bb4.23.4&#8243; background_size=\u00bbinitial\u00bb background_position=\u00bbtop_left\u00bb background_repeat=\u00bbrepeat\u00bb custom_padding=\u00bb|||\u00bb animation_style=\u00bbslide\u00bb animation_direction=\u00bbtop\u00bb animation_intensity_slide=\u00bb3%\u00bb global_colors_info=\u00bb{}\u00bb][et_pb_column type=\u00bb4_4&#8243; _builder_version=\u00bb4.16&#8243; custom_padding=\u00bb|||\u00bb global_colors_info=\u00bb{}\u00bb custom_padding__hover=\u00bb|||\u00bb][et_pb_text _builder_version=\u00bb4.23.4&#8243; text_font=\u00bbcecadevs regular||||||||\u00bb text_text_color=\u00bb#FFFFFF\u00bb text_font_size=\u00bb2rem\u00bb header_font=\u00bb|700|||||||\u00bb header_text_color=\u00bb#ffffff\u00bb header_font_size=\u00bb78px\u00bb header_line_height=\u00bb1.3em\u00bb header_2_font=\u00bb||||||||\u00bb background_size=\u00bbinitial\u00bb background_position=\u00bbtop_left\u00bb background_repeat=\u00bbrepeat\u00bb custom_margin=\u00bb|||\u00bb animation_style=\u00bbfade\u00bb header_font_size_last_edited=\u00bboff|desktop\u00bb header_text_shadow_style=\u00bbpreset2&#8243; locked=\u00bboff\u00bb global_colors_info=\u00bb{}\u00bb]<\/p>\n<p>Licenciaturas<\/p>\n<p>[\/et_pb_text][et_pb_text _builder_version=\u00bb4.23.4&#8243; text_font=\u00bb|600|||||||\u00bb text_text_color=\u00bb#ffffff\u00bb text_font_size=\u00bb24px\u00bb text_line_height=\u00bb1.8em\u00bb background_size=\u00bbinitial\u00bb background_position=\u00bbtop_left\u00bb background_repeat=\u00bbrepeat\u00bb max_width=\u00bb700px\u00bb module_alignment=\u00bbleft\u00bb animation_style=\u00bbflip\u00bb animation_direction=\u00bbtop\u00bb animation_intensity_flip=\u00bb20%\u00bb text_text_shadow_style=\u00bbpreset2&#8243; locked=\u00bboff\u00bb global_colors_info=\u00bb{}\u00bb]<\/p>\n<p><span>Termina tu licenciatura en 3 a\u00f1os<\/span><\/p>\n<p><span> \u00a1Contamos con RVOE federales!<\/span><\/p>\n<p>[\/et_pb_text][\/et_pb_column][\/et_pb_row][\/et_pb_section][et_pb_section fb_built=\u00bb1&#8243; _builder_version=\u00bb4.23.4&#8243; _module_preset=\u00bbdefault\u00bb custom_padding=\u00bb26px||19px|||\u00bb global_colors_info=\u00bb{}\u00bb][et_pb_row column_structure=\u00bb1_3,1_3,1_3&#8243; _builder_version=\u00bb4.23.4&#8243; _module_preset=\u00bbdefault\u00bb custom_padding=\u00bb0px|||||\u00bb global_colors_info=\u00bb{}\u00bb][et_pb_column type=\u00bb1_3&#8243; _builder_version=\u00bb4.23.4&#8243; _module_preset=\u00bbdefault\u00bb global_colors_info=\u00bb{}\u00bb][et_pb_blurb title=\u00bbLICENCIATURA EN DERECHO\u00bb image=\u00bbhttps:\/\/universidadcecadevs.com\/home\/wp-content\/uploads\/2024\/11\/derecho.png\u00bb image_icon_width=\u00bb60%\u00bb content_max_width=\u00bb100%\u00bb _builder_version=\u00bb4.23.4&#8243; _module_preset=\u00bb999cab4f-d995-43b3-842a-9b6879d904b5&#8243; header_font=\u00bbPoppins|600|||||||\u00bb header_text_color=\u00bb#003E51&#8243; header_font_size=\u00bb15px\u00bb header_letter_spacing=\u00bb0.5px\u00bb header_line_height=\u00bb1.6em\u00bb background_enable_color=\u00bboff\u00bb custom_padding=\u00bb||0px|||\u00bb animation=\u00bboff\u00bb hover_enabled=\u00bb0&#8243; border_radii_image=\u00bbon|100px|100px|100px|100px\u00bb border_width_all_image=\u00bb10px\u00bb border_color_all_image=\u00bb#1e5a4a\u00bb global_colors_info=\u00bb{}\u00bb sticky_enabled=\u00bb0&#8243; header_text_align=\u00bbcenter\u00bb]<\/p>\n<p style=\"text-align: center; color: #1e5a4a; font-weight: bold;\"><span>RVOE 20220276<\/span><\/p>\n<p style=\"text-align: justify;\"><span> El graduado de la Licenciatura en Derecho ser\u00e1 un profesional capacitado para abordar y resolver problemas legales, con formaci\u00f3n multidisciplinaria, integridad y compromiso social.<\/span><\/p>\n<p>[\/et_pb_blurb][et_pb_button button_url=\u00bbhttps:\/\/universidadcecadevs.com\/home\/index.php\/licenciatura-en-derecho\/\u00bb button_text=\u00bbPlan de estudios\u00bb button_alignment=\u00bbcenter\u00bb _builder_version=\u00bb4.23.4&#8243; _module_preset=\u00bbdefault\u00bb custom_button=\u00bbon\u00bb button_text_color=\u00bb#FFFFFF\u00bb button_bg_color=\u00bb#005b4c\u00bb button_border_width=\u00bb1px\u00bb button_border_radius=\u00bb36px\u00bb button_icon=\u00bb&#xe050;||divi||400&#8243; button_icon_placement=\u00bbleft\u00bb custom_margin=\u00bb4em||||false|false\u00bb button_text_shadow_style=\u00bbpreset2&#8243; global_colors_info=\u00bb{}\u00bb][\/et_pb_button][\/et_pb_column][et_pb_column type=\u00bb1_3&#8243; _builder_version=\u00bb4.23.4&#8243; _module_preset=\u00bbdefault\u00bb global_colors_info=\u00bb{}\u00bb][et_pb_blurb title=\u00bbLICENCIATURA EN PEDAGOG\u00cdA\u00bb image=\u00bbhttps:\/\/universidadcecadevs.com\/home\/wp-content\/uploads\/2024\/11\/pedagogia.png\u00bb image_icon_width=\u00bb60%\u00bb content_max_width=\u00bb100%\u00bb _builder_version=\u00bb4.23.4&#8243; _module_preset=\u00bb999cab4f-d995-43b3-842a-9b6879d904b5&#8243; header_font=\u00bbPoppins|600|||||||\u00bb header_text_color=\u00bb#003E51&#8243; header_font_size=\u00bb15px\u00bb header_letter_spacing=\u00bb0.5px\u00bb header_line_height=\u00bb1.6em\u00bb background_enable_color=\u00bboff\u00bb animation=\u00bboff\u00bb hover_enabled=\u00bb0&#8243; border_radii_image=\u00bbon|100px|100px|100px|100px\u00bb border_width_all_image=\u00bb10px\u00bb border_color_all_image=\u00bb#1e5a4a\u00bb locked=\u00bboff\u00bb global_colors_info=\u00bb{}\u00bb header_text_align=\u00bbcenter\u00bb sticky_enabled=\u00bb0&#8243;]<\/p>\n<p style=\"text-align: center; color: #1e5a4a; font-weight: bold;\"><span>RVOE 20220275<\/span><\/p>\n<p style=\"text-align: justify;\"><span>Al concluir la Licenciatura en Pedagog\u00eda, el egresado analizar\u00e1 el fen\u00f3meno educativo, contando con herramientas de investigaci\u00f3n, did\u00e1ctica y habilidades en ingl\u00e9s, para dise\u00f1ar, planear y evaluar procesos educativos creativos e innovadores con alto sentido \u00e9tico.<\/span><\/p>\n<p>[\/et_pb_blurb][et_pb_button button_url=\u00bbhttps:\/\/universidadcecadevs.com\/home\/index.php\/licenciatura-en-pedagogia\/\u00bb button_text=\u00bbPlan de estudios\u00bb button_alignment=\u00bbcenter\u00bb _builder_version=\u00bb4.23.4&#8243; _module_preset=\u00bbdefault\u00bb custom_button=\u00bbon\u00bb button_text_color=\u00bb#FFFFFF\u00bb button_bg_color=\u00bb#005b4c\u00bb button_border_width=\u00bb1px\u00bb button_border_radius=\u00bb36px\u00bb button_icon=\u00bb&#xe050;||divi||400&#8243; button_icon_placement=\u00bbleft\u00bb button_text_shadow_style=\u00bbpreset2&#8243; global_colors_info=\u00bb{}\u00bb][\/et_pb_button][\/et_pb_column][et_pb_column type=\u00bb1_3&#8243; _builder_version=\u00bb4.23.4&#8243; _module_preset=\u00bbdefault\u00bb global_colors_info=\u00bb{}\u00bb][et_pb_blurb title=\u00bbLICENCIATURA EN CONTADUR\u00cdA\u00bb image_icon_background_color=\u00bb#686868&#8243; image=\u00bbhttps:\/\/universidadcecadevs.com\/home\/wp-content\/uploads\/2024\/11\/contaduria.png\u00bb image_icon_width=\u00bb60%\u00bb content_max_width=\u00bb100%\u00bb _builder_version=\u00bb4.23.4&#8243; _module_preset=\u00bb999cab4f-d995-43b3-842a-9b6879d904b5&#8243; header_font=\u00bbPoppins|600|||||||\u00bb header_text_color=\u00bb#003E51&#8243; header_font_size=\u00bb15px\u00bb header_letter_spacing=\u00bb0.5px\u00bb header_line_height=\u00bb1.6em\u00bb background_enable_color=\u00bboff\u00bb animation=\u00bboff\u00bb hover_enabled=\u00bb0&#8243; border_radii_image=\u00bbon|100px|100px|100px|100px\u00bb border_width_all_image=\u00bb10px\u00bb border_color_all_image=\u00bb#1e5a4a\u00bb locked=\u00bboff\u00bb global_colors_info=\u00bb{}\u00bb header_text_align=\u00bbcenter\u00bb sticky_enabled=\u00bb0&#8243;]<\/p>\n<p style=\"text-align: center; color: #1e5a4a; font-weight: bold;\"><span>RVOE 20220277<\/span><\/p>\n<p style=\"text-align: justify;\"><span>Al graduarse en Contadur\u00eda, aplicar\u00e1 conocimientos en contabilidad, costos, auditor\u00eda y aspectos legales, administrativos, fiscales y financieros. Podr\u00e1 dise\u00f1ar, controlar, analizar sistemas de informaci\u00f3n, tomar decisiones y asesorar con \u00e9tica, actitud cr\u00edtica y liderazgo.<\/span><\/p>\n<p>[\/et_pb_blurb][et_pb_button button_url=\u00bbhttps:\/\/universidadcecadevs.com\/home\/index.php\/licenciatura-en-contaduria\/\u00bb button_text=\u00bbPlan de estudios\u00bb button_alignment=\u00bbcenter\u00bb _builder_version=\u00bb4.23.4&#8243; _module_preset=\u00bbdefault\u00bb custom_button=\u00bbon\u00bb button_text_color=\u00bb#FFFFFF\u00bb button_bg_color=\u00bb#005b4c\u00bb button_border_width=\u00bb1px\u00bb button_border_radius=\u00bb36px\u00bb button_icon=\u00bb&#xe050;||divi||400&#8243; button_icon_placement=\u00bbleft\u00bb button_text_shadow_style=\u00bbpreset2&#8243; global_colors_info=\u00bb{}\u00bb][\/et_pb_button][\/et_pb_column][\/et_pb_row][et_pb_row column_structure=\u00bb1_2,1_2&#8243; _builder_version=\u00bb4.23.4&#8243; _module_preset=\u00bbdefault\u00bb global_colors_info=\u00bb{}\u00bb][et_pb_column type=\u00bb1_2&#8243; _builder_version=\u00bb4.23.4&#8243; _module_preset=\u00bbdefault\u00bb global_colors_info=\u00bb{}\u00bb][et_pb_blurb title=\u00bbLICENCIATURA EN IDIOMAS\u00bb image=\u00bbhttps:\/\/universidadcecadevs.com\/home\/wp-content\/uploads\/2024\/11\/idiomas-.png\u00bb image_icon_width=\u00bb37%\u00bb content_max_width=\u00bb100%\u00bb _builder_version=\u00bb4.23.4&#8243; _module_preset=\u00bb999cab4f-d995-43b3-842a-9b6879d904b5&#8243; header_font=\u00bbPoppins|600|||||||\u00bb header_text_color=\u00bb#003E51&#8243; header_font_size=\u00bb15px\u00bb header_letter_spacing=\u00bb0.5px\u00bb header_line_height=\u00bb1.6em\u00bb background_enable_color=\u00bboff\u00bb animation=\u00bboff\u00bb hover_enabled=\u00bb0&#8243; border_radii_image=\u00bbon|100px|100px|100px|100px\u00bb border_width_all_image=\u00bb10px\u00bb border_color_all_image=\u00bb#1e5a4a\u00bb global_colors_info=\u00bb{}\u00bb header_text_align=\u00bbcenter\u00bb sticky_enabled=\u00bb0&#8243;]<\/p>\n<p style=\"text-align: center; color: #1e5a4a; font-weight: bold;\"><span>RVOE 20220278<\/span><\/p>\n<p style=\"text-align: justify;\"><span>El graduado en Idiomas analizar\u00e1 y aplicar\u00e1 los principios ling\u00fc\u00edsticos en la interpretaci\u00f3n y traducci\u00f3n de textos en franc\u00e9s, ingl\u00e9s e italiano, tanto oral como escrita. Utilizar\u00e1 t\u00e9cnicas de fon\u00e9tica, gram\u00e1tica y morfolog\u00eda en la comunicaci\u00f3n intercultural y en la elaboraci\u00f3n de documentos, incluyendo su aplicaci\u00f3n en entornos educativos.<\/span><\/p>\n<p>[\/et_pb_blurb][et_pb_button button_url=\u00bbhttps:\/\/universidadcecadevs.com\/home\/index.php\/licenciatura-en-idiomas\/\u00bb button_text=\u00bbPlan de estudios\u00bb button_alignment=\u00bbcenter\u00bb _builder_version=\u00bb4.23.4&#8243; _module_preset=\u00bbdefault\u00bb custom_button=\u00bbon\u00bb button_text_color=\u00bb#FFFFFF\u00bb button_bg_color=\u00bb#005b4c\u00bb button_border_width=\u00bb1px\u00bb button_border_radius=\u00bb36px\u00bb button_icon=\u00bb&#xe050;||divi||400&#8243; button_icon_placement=\u00bbleft\u00bb button_text_shadow_style=\u00bbpreset2&#8243; global_colors_info=\u00bb{}\u00bb][\/et_pb_button][\/et_pb_column][et_pb_column type=\u00bb1_2&#8243; _builder_version=\u00bb4.23.4&#8243; _module_preset=\u00bbdefault\u00bb global_colors_info=\u00bb{}\u00bb][et_pb_blurb title=\u00bbLICENCIATURA EN ADMINISTRACI\u00d3N DE EMPRESAS \u00bb image=\u00bbhttps:\/\/universidadcecadevs.com\/home\/wp-content\/uploads\/2024\/11\/administracion.png\u00bb image_icon_width=\u00bb37%\u00bb content_max_width=\u00bb100%\u00bb _builder_version=\u00bb4.23.4&#8243; _module_preset=\u00bb999cab4f-d995-43b3-842a-9b6879d904b5&#8243; header_font=\u00bbPoppins|600|||||||\u00bb header_text_color=\u00bb#003E51&#8243; header_font_size=\u00bb15px\u00bb header_letter_spacing=\u00bb0.5px\u00bb header_line_height=\u00bb1.6em\u00bb background_enable_color=\u00bboff\u00bb animation=\u00bboff\u00bb hover_enabled=\u00bb0&#8243; border_radii_image=\u00bbon|100px|100px|100px|100px\u00bb border_width_all_image=\u00bb10px\u00bb border_color_all_image=\u00bb#1e5a4a\u00bb locked=\u00bboff\u00bb global_colors_info=\u00bb{}\u00bb header_text_align=\u00bbcenter\u00bb sticky_enabled=\u00bb0&#8243;]<\/p>\n<p style=\"text-align: center; color: #1e5a4a; font-weight: bold;\"><span>RVOE 20220274<\/span><\/p>\n<p style=\"text-align: center; color: #1e5a4a; font-weight: bold;\"><span><\/span><\/p>\n<div class=\"flex-1 overflow-hidden\">\n<div class=\"react-scroll-to-bottom--css-tgevf-79elbk h-full\">\n<div class=\"react-scroll-to-bottom--css-tgevf-1n7m0yu\">\n<div class=\"flex flex-col pb-9 text-sm\">\n<div class=\"w-full text-token-text-primary\" data-testid=\"conversation-turn-15\">\n<div class=\"px-4 py-2 justify-center text-base md:gap-6 m-auto\">\n<div class=\"flex flex-1 text-base mx-auto gap-3 md:px-5 lg:px-1 xl:px-5 md:max-w-3xl lg:max-w-[40rem] xl:max-w-[48rem] group final-completion\">\n<div class=\"relative flex w-full flex-col lg:w-[calc(100%-115px)] agent-turn\">\n<div class=\"flex-col gap-1 md:gap-3\">\n<div class=\"flex flex-grow flex-col max-w-full\">\n<div data-message-author-role=\"assistant\" data-message-id=\"af8a93e5-9c57-44d9-954f-c2f7d01ebf81\" class=\"min-h-[20px] text-message flex flex-col items-start gap-3 whitespace-pre-wrap break-words [.text-message+&amp;]:mt-5 overflow-x-auto\">\n<div class=\"markdown prose w-full break-words dark:prose-invert dark\">\n<p style=\"text-align: justify;\">El graduado en Administraci\u00f3n de Empresas ser\u00e1 un profesional con s\u00f3lidos conocimientos de Ciencias Administrativas. Desarrollar\u00e1 estrategias de planificaci\u00f3n, organizaci\u00f3n, direcci\u00f3n y control, utilizando t\u00e9cnicas cualitativas y cuantitativas. Coordinar\u00e1 equipos para optimizar recursos y alcanzar objetivos empresariales, con actitud emprendedora y \u00e9tica.<\/p>\n<\/div>\n<\/div>\n<\/div>\n<\/div>\n<\/div>\n<\/div>\n<\/div>\n<\/div>\n<\/div>\n<\/div>\n<\/div>\n<\/div>\n<p>[\/et_pb_blurb][et_pb_button button_url=\u00bbhttps:\/\/universidadcecadevs.com\/home\/index.php\/licenciatura-en-administracion-de-empresas\/\u00bb button_text=\u00bbPlan de estudios\u00bb button_alignment=\u00bbcenter\u00bb _builder_version=\u00bb4.23.4&#8243; _module_preset=\u00bbdefault\u00bb custom_button=\u00bbon\u00bb button_text_color=\u00bb#FFFFFF\u00bb button_bg_color=\u00bb#005b4c\u00bb button_border_width=\u00bb1px\u00bb button_border_radius=\u00bb36px\u00bb button_icon=\u00bb&#xe050;||divi||400&#8243; button_icon_placement=\u00bbleft\u00bb button_text_shadow_style=\u00bbpreset2&#8243; global_colors_info=\u00bb{}\u00bb][\/et_pb_button][\/et_pb_column][\/et_pb_row][\/et_pb_section]<\/p>\n","protected":false},"excerpt":{"rendered":"<p>LicenciaturasTermina tu licenciatura en 3 a\u00f1os \u00a1Contamos con RVOE federales!LicenciaturasTermina tu licenciatura en 3 a\u00f1os \u00a1Contamos con RVOE federales!RVOE 20220276 El graduado de la Licenciatura en Derecho ser\u00e1 un profesional capacitado para abordar y resolver problemas legales, con formaci\u00f3n multidisciplinaria, integridad y compromiso social.RVOE 20220275 Al concluir la Licenciatura en Pedagog\u00eda, el egresado analizar\u00e1 el [&hellip;]<\/p>\n","protected":false},"author":1,"featured_media":0,"parent":0,"menu_order":0,"comment_status":"closed","ping_status":"closed","template":"","meta":{"_et_pb_use_builder":"on","_et_pb_old_content":"","_et_gb_content_width":"","footnotes":""},"class_list":["post-146","page","type-page","status-publish","hentry"],"yoast_head":"<!-- This site is optimized with the Yoast SEO plugin v25.7 - https:\/\/yoast.com\/wordpress\/plugins\/seo\/ -->\n<title>Licenciaturas - universidad CECADEV<\/title>\n<meta name=\"robots\" content=\"index, follow, max-snippet:-1, max-image-preview:large, max-video-preview:-1\" \/>\n<link rel=\"canonical\" href=\"https:\/\/universidadcecadevs.com\/home\/index.php\/licenciaturas\/\" \/>\n<meta property=\"og:locale\" content=\"es_ES\" \/>\n<meta property=\"og:type\" content=\"article\" \/>\n<meta property=\"og:title\" content=\"Licenciaturas - universidad CECADEV\" \/>\n<meta property=\"og:description\" content=\"LicenciaturasTermina tu licenciatura en 3 a\u00f1os \u00a1Contamos con RVOE federales!LicenciaturasTermina tu licenciatura en 3 a\u00f1os \u00a1Contamos con RVOE federales!RVOE 20220276 El graduado de la Licenciatura en Derecho ser\u00e1 un profesional capacitado para abordar y resolver problemas legales, con formaci\u00f3n multidisciplinaria, integridad y compromiso social.RVOE 20220275 Al concluir la Licenciatura en Pedagog\u00eda, el egresado analizar\u00e1 el [&hellip;]\" \/>\n<meta property=\"og:url\" content=\"https:\/\/universidadcecadevs.com\/home\/index.php\/licenciaturas\/\" \/>\n<meta property=\"og:site_name\" content=\"universidad CECADEV\" \/>\n<meta property=\"article:modified_time\" content=\"2026-04-30T04:00:08+00:00\" \/>\n<meta name=\"twitter:card\" content=\"summary_large_image\" \/>\n<meta name=\"twitter:label1\" content=\"Tiempo de lectura\" \/>\n\t<meta name=\"twitter:data1\" content=\"5 minutos\" \/>\n<script type=\"application\/ld+json\" class=\"yoast-schema-graph\">{\"@context\":\"https:\/\/schema.org\",\"@graph\":[{\"@type\":\"WebPage\",\"@id\":\"https:\/\/universidadcecadevs.com\/home\/index.php\/licenciaturas\/\",\"url\":\"https:\/\/universidadcecadevs.com\/home\/index.php\/licenciaturas\/\",\"name\":\"Licenciaturas - universidad CECADEV\",\"isPartOf\":{\"@id\":\"https:\/\/universidadcecadevs.com\/home\/#website\"},\"datePublished\":\"2024-01-25T08:33:04+00:00\",\"dateModified\":\"2026-04-30T04:00:08+00:00\",\"breadcrumb\":{\"@id\":\"https:\/\/universidadcecadevs.com\/home\/index.php\/licenciaturas\/#breadcrumb\"},\"inLanguage\":\"es\",\"potentialAction\":[{\"@type\":\"ReadAction\",\"target\":[\"https:\/\/universidadcecadevs.com\/home\/index.php\/licenciaturas\/\"]}]},{\"@type\":\"BreadcrumbList\",\"@id\":\"https:\/\/universidadcecadevs.com\/home\/index.php\/licenciaturas\/#breadcrumb\",\"itemListElement\":[{\"@type\":\"ListItem\",\"position\":1,\"name\":\"Portada\",\"item\":\"https:\/\/universidadcecadevs.com\/home\/\"},{\"@type\":\"ListItem\",\"position\":2,\"name\":\"Licenciaturas\"}]},{\"@type\":\"WebSite\",\"@id\":\"https:\/\/universidadcecadevs.com\/home\/#website\",\"url\":\"https:\/\/universidadcecadevs.com\/home\/\",\"name\":\"universidad CECADEV\",\"description\":\"\",\"potentialAction\":[{\"@type\":\"SearchAction\",\"target\":{\"@type\":\"EntryPoint\",\"urlTemplate\":\"https:\/\/universidadcecadevs.com\/home\/?s={search_term_string}\"},\"query-input\":{\"@type\":\"PropertyValueSpecification\",\"valueRequired\":true,\"valueName\":\"search_term_string\"}}],\"inLanguage\":\"es\"}]}<\/script>\n<!-- \/ Yoast SEO plugin. -->","yoast_head_json":{"title":"Licenciaturas - universidad CECADEV","robots":{"index":"index","follow":"follow","max-snippet":"max-snippet:-1","max-image-preview":"max-image-preview:large","max-video-preview":"max-video-preview:-1"},"canonical":"https:\/\/universidadcecadevs.com\/home\/index.php\/licenciaturas\/","og_locale":"es_ES","og_type":"article","og_title":"Licenciaturas - universidad CECADEV","og_description":"LicenciaturasTermina tu licenciatura en 3 a\u00f1os \u00a1Contamos con RVOE federales!LicenciaturasTermina tu licenciatura en 3 a\u00f1os \u00a1Contamos con RVOE federales!RVOE 20220276 El graduado de la Licenciatura en Derecho ser\u00e1 un profesional capacitado para abordar y resolver problemas legales, con formaci\u00f3n multidisciplinaria, integridad y compromiso social.RVOE 20220275 Al concluir la Licenciatura en Pedagog\u00eda, el egresado analizar\u00e1 el [&hellip;]","og_url":"https:\/\/universidadcecadevs.com\/home\/index.php\/licenciaturas\/","og_site_name":"universidad CECADEV","article_modified_time":"2026-04-30T04:00:08+00:00","twitter_card":"summary_large_image","twitter_misc":{"Tiempo de lectura":"5 minutos"},"schema":{"@context":"https:\/\/schema.org","@graph":[{"@type":"WebPage","@id":"https:\/\/universidadcecadevs.com\/home\/index.php\/licenciaturas\/","url":"https:\/\/universidadcecadevs.com\/home\/index.php\/licenciaturas\/","name":"Licenciaturas - universidad CECADEV","isPartOf":{"@id":"https:\/\/universidadcecadevs.com\/home\/#website"},"datePublished":"2024-01-25T08:33:04+00:00","dateModified":"2026-04-30T04:00:08+00:00","breadcrumb":{"@id":"https:\/\/universidadcecadevs.com\/home\/index.php\/licenciaturas\/#breadcrumb"},"inLanguage":"es","potentialAction":[{"@type":"ReadAction","target":["https:\/\/universidadcecadevs.com\/home\/index.php\/licenciaturas\/"]}]},{"@type":"BreadcrumbList","@id":"https:\/\/universidadcecadevs.com\/home\/index.php\/licenciaturas\/#breadcrumb","itemListElement":[{"@type":"ListItem","position":1,"name":"Portada","item":"https:\/\/universidadcecadevs.com\/home\/"},{"@type":"ListItem","position":2,"name":"Licenciaturas"}]},{"@type":"WebSite","@id":"https:\/\/universidadcecadevs.com\/home\/#website","url":"https:\/\/universidadcecadevs.com\/home\/","name":"universidad CECADEV","description":"","potentialAction":[{"@type":"SearchAction","target":{"@type":"EntryPoint","urlTemplate":"https:\/\/universidadcecadevs.com\/home\/?s={search_term_string}"},"query-input":{"@type":"PropertyValueSpecification","valueRequired":true,"valueName":"search_term_string"}}],"inLanguage":"es"}]}},"_links":{"self":[{"href":"https:\/\/universidadcecadevs.com\/home\/index.php\/wp-json\/wp\/v2\/pages\/146","targetHints":{"allow":["GET"]}}],"collection":[{"href":"https:\/\/universidadcecadevs.com\/home\/index.php\/wp-json\/wp\/v2\/pages"}],"about":[{"href":"https:\/\/universidadcecadevs.com\/home\/index.php\/wp-json\/wp\/v2\/types\/page"}],"author":[{"embeddable":true,"href":"https:\/\/universidadcecadevs.com\/home\/index.php\/wp-json\/wp\/v2\/users\/1"}],"replies":[{"embeddable":true,"href":"https:\/\/universidadcecadevs.com\/home\/index.php\/wp-json\/wp\/v2\/comments?post=146"}],"version-history":[{"count":36,"href":"https:\/\/universidadcecadevs.com\/home\/index.php\/wp-json\/wp\/v2\/pages\/146\/revisions"}],"predecessor-version":[{"id":1536,"href":"https:\/\/universidadcecadevs.com\/home\/index.php\/wp-json\/wp\/v2\/pages\/146\/revisions\/1536"}],"wp:attachment":[{"href":"https:\/\/universidadcecadevs.com\/home\/index.php\/wp-json\/wp\/v2\/media?parent=146"}],"curies":[{"name":"wp","href":"https:\/\/api.w.org\/{rel}","templated":true}]}}