{"id":10,"date":"2024-01-15T08:17:32","date_gmt":"2024-01-15T08:17:32","guid":{"rendered":"https:\/\/universidadcecadevs.com\/home\/?page_id=10"},"modified":"2026-04-30T04:58:16","modified_gmt":"2026-04-30T04:58:16","slug":"10-2","status":"publish","type":"page","link":"https:\/\/universidadcecadevs.com\/home\/","title":{"rendered":"Home"},"content":{"rendered":"<p>[et_pb_section fb_built=\u00bb1&#8243; fullwidth=\u00bbon\u00bb disabled_on=\u00bbon|off|off\u00bb admin_label=\u00bbHeader\u00bb _builder_version=\u00bb4.23.4&#8243; background_enable_color=\u00bboff\u00bb background_enable_image=\u00bboff\u00bb background_size=\u00bbcustom\u00bb background_image_width=\u00bb100%\u00bb background_image_height=\u00bb0%\u00bb custom_padding=\u00bb0px|0|0px|0px|false|false\u00bb global_colors_info=\u00bb{}\u00bb][et_pb_fullwidth_slider show_content_on_mobile=\u00bboff\u00bb show_cta_on_mobile=\u00bboff\u00bb disabled_on=\u00bbon|off|off\u00bb _builder_version=\u00bb4.23.4&#8243; _module_preset=\u00bbdefault\u00bb header_font=\u00bbcecadevs extrabol||||||||\u00bb body_font=\u00bbcecadevs regular||||||||\u00bb body_text_color=\u00bb#FFFFFF\u00bb custom_button=\u00bbon\u00bb button_font=\u00bbcecadevs regular||||||||\u00bb height=\u00bb100vh\u00bb custom_margin=\u00bb||0px||false|false\u00bb custom_padding=\u00bb||0px||false|false\u00bb global_colors_info=\u00bb{}\u00bb][et_pb_slide heading=\u00bbUNIVERSIDAD CECADEVS\u00bb button_text=\u00bbConoce nuestra oferta acad\u00e9mica \u00bb use_bg_overlay=\u00bbon\u00bb bg_overlay_color=\u00bbrgba(0,91,76,0.75)\u00bb use_text_overlay=\u00bboff\u00bb _builder_version=\u00bb4.23.4&#8243; _module_preset=\u00bbdefault\u00bb header_font=\u00bbcecadevs regular|700|||||||\u00bb header_font_size=\u00bb10em\u00bb body_font=\u00bbcecadevs regular|600|||||||\u00bb body_font_size=\u00bb20px\u00bb background_image=\u00bbhttps:\/\/universidadcecadevs.com\/home\/wp-content\/uploads\/2024\/11\/8590-scaled.jpg\u00bb background_enable_image=\u00bbon\u00bb parallax=\u00bbon\u00bb custom_button=\u00bbon\u00bb button_bg_color=\u00bb#ae8c59&#8243; button_border_radius=\u00bb37px\u00bb button_font=\u00bb|600|||||||\u00bb button_use_icon=\u00bbon\u00bb button_icon=\u00bb&#xe101;||divi||400&#8243; button_icon_placement=\u00bbleft\u00bb button_on_hover=\u00bbon\u00bb header_font_tablet=\u00bbcecadevs regular|700|||||||\u00bb header_font_phone=\u00bbcecadevs regular|700|||||||\u00bb header_font_last_edited=\u00bbon|phone\u00bb header_text_shadow_style=\u00bbpreset2&#8243; body_text_shadow_style=\u00bbpreset2&#8243; button_text_shadow_style=\u00bbpreset1&#8243; global_colors_info=\u00bb{}\u00bb sticky_transition=\u00bbon\u00bb]<\/p>\n<p><span>Termina tu licenciatura en 3 a\u00f1os \u00a1Contamos con RVOE federales!<\/span><\/p>\n<p>[\/et_pb_slide][\/et_pb_fullwidth_slider][\/et_pb_section][et_pb_section fb_built=\u00bb1&#8243; fullwidth=\u00bbon\u00bb disabled_on=\u00bboff|on|on\u00bb admin_label=\u00bbHeader\u00bb _builder_version=\u00bb4.23.4&#8243; background_enable_color=\u00bboff\u00bb background_enable_image=\u00bboff\u00bb background_size=\u00bbcustom\u00bb background_image_width=\u00bb100%\u00bb background_image_height=\u00bb0%\u00bb custom_padding=\u00bb0px|0|0px|0px|false|false\u00bb global_colors_info=\u00bb{}\u00bb][et_pb_fullwidth_slider _builder_version=\u00bb4.23.4&#8243; _module_preset=\u00bbdefault\u00bb header_font=\u00bbcecadevs extrabol||||||||\u00bb body_font=\u00bbcecadevs regular||||||||\u00bb body_text_color=\u00bb#FFFFFF\u00bb custom_button=\u00bbon\u00bb button_font=\u00bbcecadevs regular||||||||\u00bb height=\u00bb100vh\u00bb custom_margin=\u00bb||0px||false|false\u00bb custom_padding=\u00bb||0px||false|false\u00bb global_colors_info=\u00bb{}\u00bb][et_pb_slide heading=\u00bbUNIVERSIDAD CECADEVS\u00bb button_text=\u00bbConoce nuestra oferta acad\u00e9mica \u00bb use_bg_overlay=\u00bbon\u00bb bg_overlay_color=\u00bbrgba(0,91,76,0.75)\u00bb use_text_overlay=\u00bboff\u00bb heading_tablet=\u00bbUNIVERSIDAD CECADEVS\u00bb heading_phone=\u00bbUNIVERSIDAD CECADEVS\u00bb heading_last_edited=\u00bbon|phone\u00bb _builder_version=\u00bb4.23.4&#8243; _module_preset=\u00bbdefault\u00bb header_font=\u00bbcecadevs regular|700|||||||\u00bb header_font_size=\u00bb2em\u00bb body_font=\u00bbcecadevs regular|600|||||||\u00bb body_font_size=\u00bb20px\u00bb background_image=\u00bbhttps:\/\/universidadcecadevs.com\/home\/wp-content\/uploads\/2024\/11\/8590-scaled.jpg\u00bb background_enable_image=\u00bbon\u00bb parallax=\u00bbon\u00bb custom_button=\u00bbon\u00bb button_bg_color=\u00bb#ae8c59&#8243; button_border_radius=\u00bb37px\u00bb button_font=\u00bb|600|||||||\u00bb button_use_icon=\u00bbon\u00bb button_icon=\u00bb&#xe101;||divi||400&#8243; button_icon_placement=\u00bbleft\u00bb button_on_hover=\u00bbon\u00bb header_font_tablet=\u00bbcecadevs regular|700|||||||\u00bb header_font_phone=\u00bbcecadevs regular|700|||||||\u00bb header_font_last_edited=\u00bbon|phone\u00bb header_text_shadow_style=\u00bbpreset2&#8243; body_text_shadow_style=\u00bbpreset2&#8243; button_text_shadow_style=\u00bbpreset1&#8243; global_colors_info=\u00bb{}\u00bb sticky_transition=\u00bbon\u00bb]<\/p>\n<p><span>Termina tu licenciatura en 3 a\u00f1os \u00a1Contamos con RVOE federales!<\/span><\/p>\n<p>[\/et_pb_slide][\/et_pb_fullwidth_slider][\/et_pb_section][et_pb_section fb_built=\u00bb1&#8243; _builder_version=\u00bb4.23.4&#8243; _module_preset=\u00bbdefault\u00bb custom_margin=\u00bb0px||0px||true|false\u00bb custom_padding=\u00bb0px||0px||true|false\u00bb global_colors_info=\u00bb{}\u00bb][et_pb_row column_structure=\u00bb1_3,1_3,1_3&#8243; _builder_version=\u00bb4.23.4&#8243; _module_preset=\u00bbdefault\u00bb width=\u00bb100%\u00bb max_width=\u00bb2560px\u00bb custom_margin=\u00bb3px|auto|3px|auto|true|false\u00bb custom_padding=\u00bb0px||0px||false|false\u00bb global_colors_info=\u00bb{}\u00bb][et_pb_column type=\u00bb1_3&#8243; _builder_version=\u00bb4.23.4&#8243; _module_preset=\u00bbdefault\u00bb global_colors_info=\u00bb{}\u00bb][et_pb_image src=\u00bbhttps:\/\/universidadcecadevs.com\/home\/wp-content\/uploads\/2024\/11\/8633.jpg\u00bb title_text=\u00bb8633&#8243; _builder_version=\u00bb4.23.4&#8243; _module_preset=\u00bbdefault\u00bb custom_margin=\u00bb-3px||0px||false|false\u00bb custom_padding=\u00bb0px||0px||false|false\u00bb global_colors_info=\u00bb{}\u00bb][\/et_pb_image][\/et_pb_column][et_pb_column type=\u00bb1_3&#8243; _builder_version=\u00bb4.23.4&#8243; _module_preset=\u00bbdefault\u00bb global_colors_info=\u00bb{}\u00bb][et_pb_number_counter title=\u00bbLICENCIATURAS\u00bb number=\u00bb5&#8243; percent_sign=\u00bboff\u00bb _builder_version=\u00bb4.23.4&#8243; _module_preset=\u00bbdefault\u00bb title_font=\u00bbcecadevs regular|700|||||||\u00bb title_text_color=\u00bb#1e5a4a\u00bb title_font_size=\u00bb3em\u00bb number_font=\u00bb|600|||||||\u00bb number_text_color=\u00bb#bd9961&#8243; custom_margin=\u00bb6em||||false|false\u00bb custom_margin_tablet=\u00bb7em||||false|false\u00bb custom_margin_phone=\u00bb1em|1em||1em|false|true\u00bb custom_margin_last_edited=\u00bbon|phone\u00bb animation_style=\u00bbbounce\u00bb title_font_size_tablet=\u00bb2em\u00bb title_font_size_phone=\u00bb3em\u00bb title_font_size_last_edited=\u00bbon|phone\u00bb number_text_shadow_style=\u00bbpreset2&#8243; box_shadow_style=\u00bbpreset2&#8243; text_shadow_style=\u00bbpreset1&#8243; text_shadow_color=\u00bb#000000&#8243; global_colors_info=\u00bb{}\u00bb][\/et_pb_number_counter][et_pb_text _builder_version=\u00bb4.23.4&#8243; _module_preset=\u00bbdefault\u00bb text_font=\u00bbcecadevs regular|600|||||||\u00bb text_font_size=\u00bb1.5em\u00bb text_line_height=\u00bb2.7em\u00bb custom_margin=\u00bb|||1em|false|false\u00bb global_colors_info=\u00bb{}\u00bb]<\/p>\n<ul>\n<li><strong>Administraci\u00f3n de Empresas<\/strong><\/li>\n<li><strong>Contadur\u00eda<\/strong><\/li>\n<li><strong>Derecho<\/strong><\/li>\n<li><strong>Idiomas<\/strong><\/li>\n<li><strong>Pedagog\u00eda<\/strong><\/li>\n<\/ul>\n<p>[\/et_pb_text][et_pb_button button_url=\u00bbhttps:\/\/universidadcecadevs.com\/home\/index.php\/licenciaturas\/\u00bb button_text=\u00bbM\u00e1s informaci\u00f3n\u00bb button_alignment=\u00bbcenter\u00bb _builder_version=\u00bb4.23.4&#8243; _module_preset=\u00bbdefault\u00bb custom_button=\u00bbon\u00bb button_text_color=\u00bb#FFFFFF\u00bb button_bg_color=\u00bb#1e5a4a\u00bb custom_margin=\u00bb4.5em||||false|false\u00bb custom_padding=\u00bb||||false|false\u00bb global_colors_info=\u00bb{}\u00bb][\/et_pb_button][\/et_pb_column][et_pb_column type=\u00bb1_3&#8243; _builder_version=\u00bb4.23.4&#8243; _module_preset=\u00bbdefault\u00bb global_colors_info=\u00bb{}\u00bb][et_pb_number_counter title=\u00bbMAESTRIAS \u00bb number=\u00bb5&#8243; percent_sign=\u00bboff\u00bb _builder_version=\u00bb4.23.4&#8243; _module_preset=\u00bbdefault\u00bb title_font=\u00bbcecadevs regular|700|||||||\u00bb title_text_color=\u00bb#1e5a4a\u00bb title_font_size=\u00bb3em\u00bb number_font=\u00bb|600|||||||\u00bb number_text_color=\u00bb#bd9961&#8243; custom_margin=\u00bb6em|2em||2em|false|true\u00bb animation_style=\u00bbbounce\u00bb number_text_shadow_style=\u00bbpreset2&#8243; box_shadow_style=\u00bbpreset2&#8243; text_shadow_style=\u00bbpreset1&#8243; text_shadow_color=\u00bb#000000&#8243; global_colors_info=\u00bb{}\u00bb][\/et_pb_number_counter][et_pb_text _builder_version=\u00bb4.23.4&#8243; _module_preset=\u00bbdefault\u00bb text_font=\u00bb|600|||||||\u00bb text_font_size=\u00bb19px\u00bb text_line_height=\u00bb2.7em\u00bb header_font=\u00bbcecadevs regular||||||||\u00bb custom_margin=\u00bb|1.5em||1.5em|false|true\u00bb global_colors_info=\u00bb{}\u00bb]<\/p>\n<ul>\n<li><strong>Alta Direcci\u00f3n<\/strong><\/li>\n<li><strong>Derecho Procesal y Juicios Orales<\/strong><\/li>\n<li><strong>Educaci\u00f3n<\/strong><\/li>\n<li><strong>Ense\u00f1anza del Ingl\u00e9s como Lengua Extranjera<\/strong><\/li>\n<li><strong>Impuestos y Defensa Fiscal<\/strong><\/li>\n<\/ul>\n<p>[\/et_pb_text][et_pb_button button_url=\u00bbhttps:\/\/universidadcecadevs.com\/home\/index.php\/maestrias\/\u00bb button_text=\u00bbM\u00e1s informaci\u00f3n\u00bb button_alignment=\u00bbcenter\u00bb _builder_version=\u00bb4.23.4&#8243; _module_preset=\u00bbdefault\u00bb custom_button=\u00bbon\u00bb button_text_color=\u00bb#FFFFFF\u00bb button_bg_color=\u00bb#1e5a4a\u00bb global_colors_info=\u00bb{}\u00bb][\/et_pb_button][\/et_pb_column][\/et_pb_row][\/et_pb_section][et_pb_section fb_built=\u00bb1&#8243; disabled_on=\u00bbon|on|on\u00bb _builder_version=\u00bb4.23.4&#8243; _module_preset=\u00bbdefault\u00bb background_color=\u00bb#1e5a4a\u00bb custom_padding=\u00bb0px||0px|||\u00bb disabled=\u00bbon\u00bb global_colors_info=\u00bb{}\u00bb][et_pb_row column_structure=\u00bb3_5,2_5&#8243; _builder_version=\u00bb4.23.4&#8243; _module_preset=\u00bbdefault\u00bb width=\u00bb100%\u00bb max_width=\u00bb100%\u00bb custom_margin=\u00bb-4px|auto||auto||\u00bb custom_padding=\u00bb5px||10px|||\u00bb global_colors_info=\u00bb{}\u00bb][et_pb_column type=\u00bb3_5&#8243; _builder_version=\u00bb4.23.4&#8243; _module_preset=\u00bbdefault\u00bb custom_padding=\u00bb|0px||0px|false|true\u00bb global_colors_info=\u00bb{}\u00bb][et_pb_image src=\u00bbhttps:\/\/universidadcecadevs.com\/home\/wp-content\/uploads\/2024\/12\/titulate.jpg\u00bb title_text=\u00bbtitulate\u00bb _builder_version=\u00bb4.23.4&#8243; _module_preset=\u00bbdefault\u00bb custom_margin=\u00bb-3px|||||\u00bb global_colors_info=\u00bb{}\u00bb][\/et_pb_image][\/et_pb_column][et_pb_column type=\u00bb2_5&#8243; _builder_version=\u00bb4.23.4&#8243; _module_preset=\u00bbdefault\u00bb background_color=\u00bb#1e5a4a\u00bb custom_padding=\u00bb|0px||0px|false|true\u00bb global_colors_info=\u00bb{}\u00bb][et_pb_text _builder_version=\u00bb4.23.4&#8243; text_font=\u00bbcecadevs regular||||||||\u00bb text_font_size=\u00bb2em\u00bb text_line_height=\u00bb2em\u00bb header_2_font=\u00bbMerriweather||||||||\u00bb header_2_font_size=\u00bb50px\u00bb header_2_line_height=\u00bb1.4em\u00bb text_orientation=\u00bbcenter\u00bb background_layout=\u00bbdark\u00bb max_width=\u00bb800px\u00bb max_width_tablet=\u00bb600px\u00bb max_width_phone=\u00bb400px\u00bb max_width_last_edited=\u00bbon|phone\u00bb module_alignment=\u00bbcenter\u00bb custom_margin=\u00bb|3px||3px|false|true\u00bb custom_padding=\u00bb2em|1em|0em|1em|false|true\u00bb header_2_font_size_tablet=\u00bb36px\u00bb header_2_font_size_phone=\u00bb24px\u00bb header_2_font_size_last_edited=\u00bbon|desktop\u00bb text_text_shadow_style=\u00bbpreset1&#8243; locked=\u00bboff\u00bb global_colors_info=\u00bb{}\u00bb]<\/p>\n<h1 style=\"text-align: center;\"><strong>TRABAJAMOS BAJO EL ACUERDO 286<\/strong><\/h1>\n<p style=\"text-align: justify;\"><span>SOMOS LA \u00daNICA SEDE EVALUADORA AUTORIZADA DEL SURESTE DE M\u00c9XICO<\/span><\/p>\n<p style=\"text-align: justify;\"><span>Pioneros en el sector de la acreditaci\u00f3n de conocimientos de nivel medio superior y superior mediante examen \u00fanico bajo el Acuerdo 286.<\/span><\/p>\n<p>[\/et_pb_text][et_pb_button button_url=\u00bbhttps:\/\/universidadcecadevs.com\/home\/index.php\/evaluadora\/\u00bb button_text=\u00bb\u00a1Conoce m\u00e1s acerca de la sede evaluadora!\u00bb button_alignment=\u00bbcenter\u00bb _builder_version=\u00bb4.23.4&#8243; custom_button=\u00bbon\u00bb button_text_size=\u00bb14px\u00bb button_text_color=\u00bb#ffffff\u00bb button_bg_color=\u00bbrgba(0,0,0,0)\u00bb button_border_width=\u00bb2px\u00bb button_border_color=\u00bb#ffffff\u00bb button_border_radius=\u00bb0px\u00bb button_letter_spacing=\u00bb1px\u00bb button_font=\u00bb|700||on|||||\u00bb custom_margin=\u00bb5em||||false|false\u00bb custom_padding=\u00bb16px|28px|16px|28px|true|true\u00bb animation_style=\u00bbbounce\u00bb locked=\u00bboff\u00bb global_colors_info=\u00bb{}\u00bb][\/et_pb_button][\/et_pb_column][\/et_pb_row][\/et_pb_section]<\/p>\n","protected":false},"excerpt":{"rendered":"<p>Termina tu licenciatura en 3 a\u00f1os \u00a1Contamos con RVOE federales!Termina tu licenciatura en 3 a\u00f1os \u00a1Contamos con RVOE federales! Administraci\u00f3n de Empresas Contadur\u00eda Derecho Idiomas Pedagog\u00eda Alta Direcci\u00f3n Derecho Procesal y Juicios Orales Educaci\u00f3n Ense\u00f1anza del Ingl\u00e9s como Lengua Extranjera Impuestos y Defensa Fiscal TRABAJAMOS BAJO EL ACUERDO 286 SOMOS LA \u00daNICA SEDE EVALUADORA AUTORIZADA [&hellip;]<\/p>\n","protected":false},"author":1,"featured_media":0,"parent":0,"menu_order":0,"comment_status":"closed","ping_status":"closed","template":"","meta":{"_et_pb_use_builder":"on","_et_pb_old_content":"","_et_gb_content_width":"","footnotes":""},"class_list":["post-10","page","type-page","status-publish","hentry"],"yoast_head":"<!-- This site is optimized with the Yoast SEO plugin v25.7 - https:\/\/yoast.com\/wordpress\/plugins\/seo\/ -->\n<title>Home - universidad CECADEV<\/title>\n<meta name=\"robots\" content=\"index, follow, max-snippet:-1, max-image-preview:large, max-video-preview:-1\" \/>\n<link rel=\"canonical\" href=\"https:\/\/universidadcecadevs.com\/home\/\" \/>\n<meta property=\"og:locale\" content=\"es_ES\" \/>\n<meta property=\"og:type\" content=\"article\" \/>\n<meta property=\"og:title\" content=\"Home - universidad CECADEV\" \/>\n<meta property=\"og:description\" content=\"Termina tu licenciatura en 3 a\u00f1os \u00a1Contamos con RVOE federales!Termina tu licenciatura en 3 a\u00f1os \u00a1Contamos con RVOE federales! Administraci\u00f3n de Empresas Contadur\u00eda Derecho Idiomas Pedagog\u00eda Alta Direcci\u00f3n Derecho Procesal y Juicios Orales Educaci\u00f3n Ense\u00f1anza del Ingl\u00e9s como Lengua Extranjera Impuestos y Defensa Fiscal TRABAJAMOS BAJO EL ACUERDO 286 SOMOS LA \u00daNICA SEDE EVALUADORA AUTORIZADA [&hellip;]\" \/>\n<meta property=\"og:url\" content=\"https:\/\/universidadcecadevs.com\/home\/\" \/>\n<meta property=\"og:site_name\" content=\"universidad CECADEV\" \/>\n<meta property=\"article:modified_time\" content=\"2026-04-30T04:58:16+00:00\" \/>\n<meta name=\"twitter:card\" content=\"summary_large_image\" \/>\n<meta name=\"twitter:label1\" content=\"Tiempo de lectura\" \/>\n\t<meta name=\"twitter:data1\" content=\"2 minutos\" \/>\n<script type=\"application\/ld+json\" class=\"yoast-schema-graph\">{\"@context\":\"https:\/\/schema.org\",\"@graph\":[{\"@type\":\"WebPage\",\"@id\":\"https:\/\/universidadcecadevs.com\/home\/\",\"url\":\"https:\/\/universidadcecadevs.com\/home\/\",\"name\":\"Home - universidad CECADEV\",\"isPartOf\":{\"@id\":\"https:\/\/universidadcecadevs.com\/home\/#website\"},\"datePublished\":\"2024-01-15T08:17:32+00:00\",\"dateModified\":\"2026-04-30T04:58:16+00:00\",\"breadcrumb\":{\"@id\":\"https:\/\/universidadcecadevs.com\/home\/#breadcrumb\"},\"inLanguage\":\"es\",\"potentialAction\":[{\"@type\":\"ReadAction\",\"target\":[\"https:\/\/universidadcecadevs.com\/home\/\"]}]},{\"@type\":\"BreadcrumbList\",\"@id\":\"https:\/\/universidadcecadevs.com\/home\/#breadcrumb\",\"itemListElement\":[{\"@type\":\"ListItem\",\"position\":1,\"name\":\"Portada\",\"item\":\"https:\/\/universidadcecadevs.com\/home\/\"},{\"@type\":\"ListItem\",\"position\":2,\"name\":\"Home\"}]},{\"@type\":\"WebSite\",\"@id\":\"https:\/\/universidadcecadevs.com\/home\/#website\",\"url\":\"https:\/\/universidadcecadevs.com\/home\/\",\"name\":\"universidad CECADEV\",\"description\":\"\",\"potentialAction\":[{\"@type\":\"SearchAction\",\"target\":{\"@type\":\"EntryPoint\",\"urlTemplate\":\"https:\/\/universidadcecadevs.com\/home\/?s={search_term_string}\"},\"query-input\":{\"@type\":\"PropertyValueSpecification\",\"valueRequired\":true,\"valueName\":\"search_term_string\"}}],\"inLanguage\":\"es\"}]}<\/script>\n<!-- \/ Yoast SEO plugin. -->","yoast_head_json":{"title":"Home - universidad CECADEV","robots":{"index":"index","follow":"follow","max-snippet":"max-snippet:-1","max-image-preview":"max-image-preview:large","max-video-preview":"max-video-preview:-1"},"canonical":"https:\/\/universidadcecadevs.com\/home\/","og_locale":"es_ES","og_type":"article","og_title":"Home - universidad CECADEV","og_description":"Termina tu licenciatura en 3 a\u00f1os \u00a1Contamos con RVOE federales!Termina tu licenciatura en 3 a\u00f1os \u00a1Contamos con RVOE federales! Administraci\u00f3n de Empresas Contadur\u00eda Derecho Idiomas Pedagog\u00eda Alta Direcci\u00f3n Derecho Procesal y Juicios Orales Educaci\u00f3n Ense\u00f1anza del Ingl\u00e9s como Lengua Extranjera Impuestos y Defensa Fiscal TRABAJAMOS BAJO EL ACUERDO 286 SOMOS LA \u00daNICA SEDE EVALUADORA AUTORIZADA [&hellip;]","og_url":"https:\/\/universidadcecadevs.com\/home\/","og_site_name":"universidad CECADEV","article_modified_time":"2026-04-30T04:58:16+00:00","twitter_card":"summary_large_image","twitter_misc":{"Tiempo de lectura":"2 minutos"},"schema":{"@context":"https:\/\/schema.org","@graph":[{"@type":"WebPage","@id":"https:\/\/universidadcecadevs.com\/home\/","url":"https:\/\/universidadcecadevs.com\/home\/","name":"Home - universidad CECADEV","isPartOf":{"@id":"https:\/\/universidadcecadevs.com\/home\/#website"},"datePublished":"2024-01-15T08:17:32+00:00","dateModified":"2026-04-30T04:58:16+00:00","breadcrumb":{"@id":"https:\/\/universidadcecadevs.com\/home\/#breadcrumb"},"inLanguage":"es","potentialAction":[{"@type":"ReadAction","target":["https:\/\/universidadcecadevs.com\/home\/"]}]},{"@type":"BreadcrumbList","@id":"https:\/\/universidadcecadevs.com\/home\/#breadcrumb","itemListElement":[{"@type":"ListItem","position":1,"name":"Portada","item":"https:\/\/universidadcecadevs.com\/home\/"},{"@type":"ListItem","position":2,"name":"Home"}]},{"@type":"WebSite","@id":"https:\/\/universidadcecadevs.com\/home\/#website","url":"https:\/\/universidadcecadevs.com\/home\/","name":"universidad CECADEV","description":"","potentialAction":[{"@type":"SearchAction","target":{"@type":"EntryPoint","urlTemplate":"https:\/\/universidadcecadevs.com\/home\/?s={search_term_string}"},"query-input":{"@type":"PropertyValueSpecification","valueRequired":true,"valueName":"search_term_string"}}],"inLanguage":"es"}]}},"_links":{"self":[{"href":"https:\/\/universidadcecadevs.com\/home\/index.php\/wp-json\/wp\/v2\/pages\/10","targetHints":{"allow":["GET"]}}],"collection":[{"href":"https:\/\/universidadcecadevs.com\/home\/index.php\/wp-json\/wp\/v2\/pages"}],"about":[{"href":"https:\/\/universidadcecadevs.com\/home\/index.php\/wp-json\/wp\/v2\/types\/page"}],"author":[{"embeddable":true,"href":"https:\/\/universidadcecadevs.com\/home\/index.php\/wp-json\/wp\/v2\/users\/1"}],"replies":[{"embeddable":true,"href":"https:\/\/universidadcecadevs.com\/home\/index.php\/wp-json\/wp\/v2\/comments?post=10"}],"version-history":[{"count":62,"href":"https:\/\/universidadcecadevs.com\/home\/index.php\/wp-json\/wp\/v2\/pages\/10\/revisions"}],"predecessor-version":[{"id":1570,"href":"https:\/\/universidadcecadevs.com\/home\/index.php\/wp-json\/wp\/v2\/pages\/10\/revisions\/1570"}],"wp:attachment":[{"href":"https:\/\/universidadcecadevs.com\/home\/index.php\/wp-json\/wp\/v2\/media?parent=10"}],"curies":[{"name":"wp","href":"https:\/\/api.w.org\/{rel}","templated":true}]}}